{"id":10,"date":"2019-10-23T08:44:34","date_gmt":"2019-10-23T08:44:34","guid":{"rendered":"https:\/\/ioanaschweighoffer.ro\/?page_id=10"},"modified":"2022-11-10T17:34:52","modified_gmt":"2022-11-10T15:34:52","slug":"fooldal","status":"publish","type":"page","link":"https:\/\/ioanaschweighoffer.ro\/hu\/","title":{"rendered":"F\u0150OLDAL"},"content":{"rendered":"<div id='hero'  class='avia-section main_color avia-section-default avia-no-border-styling  avia-full-stretch avia-bg-style-scroll  avia-builder-el-0  el_before_av_section  avia-builder-el-first   av-medium-hide av-small-hide av-mini-hide av-minimum-height av-minimum-height-100  container_wrap sidebar_right' style='background-repeat: no-repeat; background-image: url(https:\/\/ioanaschweighoffer.ro\/hu\/wp-content\/uploads\/2019\/10\/pic-3.jpg);background-attachment: scroll; background-position: bottom right;  '  data-section-bg-repeat='stretch' data-av_minimum_height_pc='100'><div class='container' ><main  role=\"main\" itemprop=\"mainContentOfPage\"  class='template-page content  av-content-small alpha units'><div class='post-entry post-entry-type-page post-entry-10'><div class='entry-content-wrapper clearfix'>\n<div class=\"flex_column av_three_fourth  av-animated-generic right-to-left  flex_column_div av-zero-column-padding first  avia-builder-el-1  el_before_av_one_fourth  avia-builder-el-first  \" style='border-radius:0px; '><section class=\"av_textblock_section \"  itemscope=\"itemscope\" itemtype=\"https:\/\/schema.org\/CreativeWork\" ><div class='avia_textblock  '   itemprop=\"text\" ><h1>Johanna-Ioana<br \/>\nSchweighoffer<\/h1>\n<h2>(1972 &#8211; 2018)<\/h2>\n<\/div><\/section><\/div><div class=\"flex_column av_one_fourth  flex_column_div av-zero-column-padding   avia-builder-el-3  el_after_av_three_fourth  el_before_av_two_third  \" style='border-radius:0px; '><\/div><div class=\"flex_column av_two_third  av-animated-generic right-to-left  no_margin flex_column_div av-zero-column-padding first  avia-builder-el-4  el_after_av_one_fourth  el_before_av_one_third  column-top-margin\" style='border-radius:0px; '><p><section class=\"av_textblock_section \"  itemscope=\"itemscope\" itemtype=\"https:\/\/schema.org\/CreativeWork\" ><div class='avia_textblock  '   itemprop=\"text\" ><p>Szeretetteljes, bar\u00e1ts\u00e1gos, k\u00f6zvetlen \u00e9s lelkes ember volt. Olyankor volt igaz\u00e1n elem\u00e9ben, ha a filoz\u00f3fi\u00e1val \u00e9s a tan\u00edtv\u00e1nyaival foglalkozhatott . Kikapcsol\u00f3d\u00e1sk\u00e9ppen zongor\u00e1zott, \u00e9s amikor gyakorolt, felszabadultan hagyta, hogy a zongora besz\u00e9ljen helyette.<\/p>\n<\/div><\/section><br \/>\n<div  style='height:20px' class='hr hr-invisible   avia-builder-el-6  el_after_av_textblock  el_before_av_textblock '><span class='hr-inner ' ><span class='hr-inner-style'><\/span><\/span><\/div><br \/>\n<section class=\"av_textblock_section \"  itemscope=\"itemscope\" itemtype=\"https:\/\/schema.org\/CreativeWork\" ><div class='avia_textblock  '   itemprop=\"text\" ><h5><a href=\"https:\/\/ioanaschweighoffer.ro\/hu\/ioanarol\/\"><span style=\"color: #cabc60;\">Olvasd el Ioana t\u00f6rt\u00e9net\u00e9t -&gt;<\/span><\/a><\/h5>\n<\/div><\/section><\/p><\/div><div class=\"flex_column av_one_third  no_margin flex_column_div av-zero-column-padding   avia-builder-el-8  el_after_av_two_third  avia-builder-el-last  column-top-margin\" style='border-radius:0px; '><\/div><\/div><\/div><\/main><!-- close content main element --><\/div><\/div><div id='hero'  class='avia-section main_color avia-section-default avia-no-border-styling  avia-bg-style-scroll  avia-builder-el-9  el_after_av_section  el_before_av_section   av-desktop-hide av-minimum-height av-minimum-height-100  container_wrap sidebar_right' style=' '   data-av_minimum_height_pc='100'><div class='container' ><div class='template-page content  av-content-small alpha units'><div class='post-entry post-entry-type-page post-entry-10'><div class='entry-content-wrapper clearfix'>\n<div  class='avia-image-container  av-styling-    avia-builder-el-10  el_before_av_hr  avia-builder-el-first  avia-align-center '  itemprop=\"image\" itemscope=\"itemscope\" itemtype=\"https:\/\/schema.org\/ImageObject\"  ><div class='avia-image-container-inner'><div class='avia-image-overlay-wrap'><img decoding=\"async\" class='wp-image-670 avia-img-lazy-loading-not-670 avia_image' src=\"https:\/\/ioanaschweighoffer.ro\/hu\/wp-content\/uploads\/2020\/01\/pic-3-2.jpg\" alt='' title='pic-3' height=\"720\" width=\"1207\"  itemprop=\"thumbnailUrl\" srcset=\"https:\/\/ioanaschweighoffer.ro\/hu\/wp-content\/uploads\/2020\/01\/pic-3-2.jpg 1207w, https:\/\/ioanaschweighoffer.ro\/hu\/wp-content\/uploads\/2020\/01\/pic-3-2-300x179.jpg 300w, https:\/\/ioanaschweighoffer.ro\/hu\/wp-content\/uploads\/2020\/01\/pic-3-2-1030x614.jpg 1030w, https:\/\/ioanaschweighoffer.ro\/hu\/wp-content\/uploads\/2020\/01\/pic-3-2-768x458.jpg 768w, https:\/\/ioanaschweighoffer.ro\/hu\/wp-content\/uploads\/2020\/01\/pic-3-2-705x421.jpg 705w\" sizes=\"(max-width: 1207px) 100vw, 1207px\" \/><\/div><\/div><\/div>\n<div  style='height:40px' class='hr hr-invisible   avia-builder-el-11  el_after_av_image  el_before_av_three_fourth '><span class='hr-inner ' ><span class='hr-inner-style'><\/span><\/span><\/div>\n<div class=\"flex_column av_three_fourth  av-animated-generic right-to-left  flex_column_div av-zero-column-padding first  avia-builder-el-12  el_after_av_hr  el_before_av_one_fourth  \" style='border-radius:0px; '><section class=\"av_textblock_section \"  itemscope=\"itemscope\" itemtype=\"https:\/\/schema.org\/CreativeWork\" ><div class='avia_textblock  '   itemprop=\"text\" ><h1>Johanna-Ioana<br \/>\nSchweighoffer<\/h1>\n<h2>(1972 &#8211; 2018)<\/h2>\n<\/div><\/section><\/div><div class=\"flex_column av_one_fourth  flex_column_div av-zero-column-padding   avia-builder-el-14  el_after_av_three_fourth  el_before_av_two_third  \" style='border-radius:0px; '><\/div><div class=\"flex_column av_two_third  av-animated-generic right-to-left  no_margin flex_column_div av-zero-column-padding first  avia-builder-el-15  el_after_av_one_fourth  el_before_av_one_third  column-top-margin\" style='border-radius:0px; '><p><section class=\"av_textblock_section \"  itemscope=\"itemscope\" itemtype=\"https:\/\/schema.org\/CreativeWork\" ><div class='avia_textblock  '   itemprop=\"text\" ><p>Szeretetteljes, bar\u00e1ts\u00e1gos, k\u00f6zvetlen \u00e9s lelkes ember volt. Olyankor volt igaz\u00e1n elem\u00e9ben, ha a filoz\u00f3fi\u00e1val \u00e9s a tan\u00edtv\u00e1nyaival foglalkozhatott . Kikapcsol\u00f3d\u00e1sk\u00e9ppen zongor\u00e1zott, \u00e9s amikor gyakorolt, felszabadultan hagyta, hogy a zongora besz\u00e9ljen helyette.<\/p>\n<\/div><\/section><br \/>\n<div  style='height:20px' class='hr hr-invisible   avia-builder-el-17  el_after_av_textblock  el_before_av_textblock '><span class='hr-inner ' ><span class='hr-inner-style'><\/span><\/span><\/div><br \/>\n<section class=\"av_textblock_section \"  itemscope=\"itemscope\" itemtype=\"https:\/\/schema.org\/CreativeWork\" ><div class='avia_textblock  '   itemprop=\"text\" ><h5><a href=\"https:\/\/ioanaschweighoffer.ro\/hu\/ioanarol\/\"><span style=\"color: #cabc60;\">Olvasd el Ioana t\u00f6rt\u00e9net\u00e9t -&gt;<\/span><\/a><\/h5>\n<\/div><\/section><\/p><\/div><div class=\"flex_column av_one_third  no_margin flex_column_div av-zero-column-padding   avia-builder-el-19  el_after_av_two_third  avia-builder-el-last  column-top-margin\" style='border-radius:0px; '><\/div><\/div><\/div><\/div><!-- close content main div --><\/div><\/div><div id='av_section_3'  class='avia-section alternate_color avia-section-default avia-no-border-styling  avia-full-stretch av-parallax-section avia-bg-style-parallax  avia-builder-el-20  el_after_av_section  el_before_av_section   av-minimum-height av-minimum-height-100  container_wrap sidebar_right' style=' '  data-section-bg-repeat='stretch' data-av_minimum_height_pc='100'><div class='av-parallax' data-avia-parallax-ratio='0.3' ><div class='av-parallax-inner alternate_color  avia-full-stretch' style = 'background-repeat: no-repeat; background-image: url(https:\/\/ioanaschweighoffer.ro\/hu\/wp-content\/uploads\/2019\/11\/home7-3.jpg);background-attachment: scroll; background-position: bottom left; ' ><\/div><\/div><div class='container' ><div class='template-page content  av-content-small alpha units'><div class='post-entry post-entry-type-page post-entry-10'><div class='entry-content-wrapper clearfix'>\n<div class=\"flex_column av_one_full  av-animated-generic top-to-bottom  flex_column_div av-zero-column-padding first  avia-builder-el-21  el_before_av_one_full  avia-builder-el-first  \" style='border-radius:0px; '><section class=\"av_textblock_section \"  itemscope=\"itemscope\" itemtype=\"https:\/\/schema.org\/CreativeWork\" ><div class='avia_textblock  '   itemprop=\"text\" ><h1 style=\"text-align: center;\">Az alap\u00edtv\u00e1ny k\u00fcldet\u00e9se<\/h1>\n<h2 style=\"text-align: center;\">Neh\u00e9z helyzet\u0171 di\u00e1kok seg\u00edt\u00e9se<\/h2>\n<\/div><\/section><\/div><div class=\"flex_column av_one_full  av-animated-generic top-to-bottom  no_margin flex_column_div av-zero-column-padding first  avia-builder-el-23  el_after_av_one_full  avia-builder-el-last  column-top-margin\" style='border-radius:0px; '><section class=\"av_textblock_section \"  itemscope=\"itemscope\" itemtype=\"https:\/\/schema.org\/CreativeWork\" ><div class='avia_textblock  '   itemprop=\"text\" ><p style=\"text-align: center;\">Az alap\u00edtv\u00e1ny 10 neh\u00e9z anyagi helyzetben \u00e9l\u0151, kiv\u00e1l\u00f3 magatart\u00e1s\u00fa di\u00e1kot r\u00e9szes\u00edt havi anyagi t\u00e1mogat\u00e1sban, hogy tov\u00e1bbtanulhassanak, \u00e9s megalapozhass\u00e1k a szakmai karrierj\u00fcket. A t\u00e1mogat\u00e1s 10 h\u00f3napig lesz foly\u00f3s\u00edtva, hosszabb\u00edt\u00e1si lehet\u0151s\u00e9ggel, amennyiben az oda\u00edt\u00e9l\u00e9s szerinti tanulm\u00e1nyi \u00e9vben a di\u00e1k megfelel\u0151 el\u0151rehalad\u00e1st \u00e9r el.<\/p>\n<\/div><\/section><br \/>\n<div  style='height:20px' class='hr hr-invisible   avia-builder-el-25  el_after_av_textblock  el_before_av_textblock '><span class='hr-inner ' ><span class='hr-inner-style'><\/span><\/span><\/div><br \/>\n<section class=\"av_textblock_section \"  itemscope=\"itemscope\" itemtype=\"https:\/\/schema.org\/CreativeWork\" ><div class='avia_textblock  '   itemprop=\"text\" ><h5 style=\"text-align: center;\"><a href=\"https:\/\/ioanaschweighoffer.ro\/hu\/az-osztondij\/\">Tov\u00e1bbi tudnival\u00f3k az \u00f6szt\u00f6nd\u00edjr\u00f3l -&gt;<\/a><\/h5>\n<\/div><\/section><\/p><\/div><\/div><\/div><\/div><!-- close content main div --><\/div><\/div><div id='av_section_4'  class='avia-section main_color avia-section-huge avia-no-border-styling  avia-full-stretch avia-bg-style-scroll  avia-builder-el-27  el_after_av_section  el_before_av_section   av-small-hide av-mini-hide container_wrap sidebar_right' style='background-repeat: no-repeat; background-image: url(https:\/\/ioanaschweighoffer.ro\/hu\/wp-content\/uploads\/2019\/10\/contact.jpg);background-attachment: scroll; background-position: bottom right;  '  data-section-bg-repeat='stretch'><div class='container' ><div class='template-page content  av-content-small alpha units'><div class='post-entry post-entry-type-page post-entry-10'><div class='entry-content-wrapper clearfix'>\n<div class=\"flex_column av_three_fourth  av-animated-generic right-to-left  flex_column_div av-zero-column-padding first  avia-builder-el-28  el_before_av_three_fourth  avia-builder-el-first  \" style='border-radius:0px; '><section class=\"av_textblock_section \"  itemscope=\"itemscope\" itemtype=\"https:\/\/schema.org\/CreativeWork\" ><div class='avia_textblock  '   itemprop=\"text\" ><h3>VEDD FEL A KAPCSOLATOT AZ ALAP\u00cdTV\u00c1NNYAL<\/h3>\n<\/div><\/section><br \/>\n<section class=\"av_textblock_section \"  itemscope=\"itemscope\" itemtype=\"https:\/\/schema.org\/CreativeWork\" ><div class='avia_textblock  '   itemprop=\"text\" ><p>Ha pontos\u00edt\u00e1st vagy b\u0151vebb inform\u00e1ci\u00f3kat szeretn\u00e9l kapni.<\/p>\n<\/div><\/section><\/p><\/div><div class=\"flex_column av_three_fourth  av-animated-generic right-to-left  flex_column_div av-zero-column-padding first  avia-builder-el-31  el_after_av_three_fourth  avia-builder-el-last  column-top-margin\" style='border-radius:0px; '><form action=\"https:\/\/ioanaschweighoffer.ro\/hu\/\" method=\"post\"  class=\"avia_ajax_form av-form-labels-hidden   avia-builder-el-32  avia-builder-el-no-sibling  av-custom-form-color av-light-form \" data-avia-form-id=\"1\" data-avia-redirect='' ><fieldset><p class='  first_form  form_element form_element_fourth' id='element_avia_1_1'><label for=\"avia_1_1\">N\u00e9v <abbr class=\"required\" title=\"required\">*<\/abbr><\/label> <input name=\"avia_1_1\" class=\"text_input is_empty\" type=\"text\" id=\"avia_1_1\" value=\"\"  placeholder='N\u00e9v*'\/><\/p><p class='  form_element form_element_fourth' id='element_avia_2_1'><label for=\"avia_2_1\">E-mail <abbr class=\"required\" title=\"required\">*<\/abbr><\/label> <input name=\"avia_2_1\" class=\"text_input is_email\" type=\"text\" id=\"avia_2_1\" value=\"\"  placeholder='E-mail*'\/><\/p><p class='  form_element form_element_half av-last-visible-form-element' id='element_avia_3_1'><label for=\"avia_3_1\" class=\"textare_label hidden textare_label_avia_3_1\">\u00dczenet <abbr class=\"required\" title=\"required\">*<\/abbr><\/label><textarea  placeholder='\u00dczenet*' name=\"avia_3_1\" class=\"text_area is_empty\" cols=\"40\" rows=\"7\" id=\"avia_3_1\" ><\/textarea><\/p><p class=\"hidden\"><input type=\"text\" name=\"avia_4_1\" class=\"hidden \" id=\"avia_4_1\" value=\"\" \/><\/p><p class=\"form_element \"><input type=\"hidden\" value=\"1\" name=\"avia_generated_form1\" \/><input type=\"submit\" value=\"K\u00dcLD\u00c9S\" class=\"button\"  data-sending-label=\"Sending\"\/><\/p><\/fieldset><\/form><div id=\"ajaxresponse_1\" class=\"ajaxresponse ajaxresponse_1 hidden\"><\/div><\/div>\n<\/p>\n<\/div><\/div><\/div><!-- close content main div --><\/div><\/div><div id='av_section_5'  class='avia-section main_color avia-section-huge avia-no-border-styling  avia-full-stretch av-section-color-overlay-active avia-bg-style-scroll  avia-builder-el-33  el_after_av_section  avia-builder-el-last   av-desktop-hide av-medium-hide container_wrap sidebar_right' style='background-repeat: no-repeat; background-image: url(https:\/\/ioanaschweighoffer.ro\/hu\/wp-content\/uploads\/2019\/10\/contact.jpg);background-attachment: scroll; background-position: bottom right;  '  data-section-bg-repeat='stretch'><div class='av-section-color-overlay-wrap'><div class='av-section-color-overlay' style='opacity: 0.5; background-color: #000000; '><\/div><div class='container' ><div class='template-page content  av-content-small alpha units'><div class='post-entry post-entry-type-page post-entry-10'><div class='entry-content-wrapper clearfix'>\n<div class=\"flex_column av_three_fourth  av-animated-generic right-to-left  flex_column_div av-zero-column-padding first  avia-builder-el-34  el_before_av_three_fourth  avia-builder-el-first  \" style='border-radius:0px; '><section class=\"av_textblock_section \"  itemscope=\"itemscope\" itemtype=\"https:\/\/schema.org\/CreativeWork\" ><div class='avia_textblock  '   itemprop=\"text\" ><h3>VEDD FEL A KAPCSOLATOT AZ ALAP\u00cdTV\u00c1NNYAL<\/h3>\n<\/div><\/section><br \/>\n<section class=\"av_textblock_section \"  itemscope=\"itemscope\" itemtype=\"https:\/\/schema.org\/CreativeWork\" ><div class='avia_textblock  '   itemprop=\"text\" ><p>Ha pontos\u00edt\u00e1st vagy b\u0151vebb inform\u00e1ci\u00f3kat szeretn\u00e9l kapni.<\/p>\n<\/div><\/section><\/p><\/div><div class=\"flex_column av_three_fourth  av-animated-generic right-to-left  flex_column_div av-zero-column-padding first  avia-builder-el-37  el_after_av_three_fourth  avia-builder-el-last  column-top-margin\" style='border-radius:0px; '><form action=\"https:\/\/ioanaschweighoffer.ro\/hu\/\" method=\"post\"  class=\"avia_ajax_form av-form-labels-hidden   avia-builder-el-38  avia-builder-el-no-sibling  av-custom-form-color av-light-form \" data-avia-form-id=\"2\" data-avia-redirect='' ><fieldset><p class='  first_form  form_element form_element_fourth' id='element_avia_1_2'><label for=\"avia_1_2\">N\u00e9v <abbr class=\"required\" title=\"required\">*<\/abbr><\/label> <input name=\"avia_1_2\" class=\"text_input is_empty\" type=\"text\" id=\"avia_1_2\" value=\"\"  placeholder='N\u00e9v*'\/><\/p><p class='  form_element form_element_fourth' id='element_avia_2_2'><label for=\"avia_2_2\">E-mail <abbr class=\"required\" title=\"required\">*<\/abbr><\/label> <input name=\"avia_2_2\" class=\"text_input is_email\" type=\"text\" id=\"avia_2_2\" value=\"\"  placeholder='E-mail*'\/><\/p><p class='  form_element form_element_half av-last-visible-form-element' id='element_avia_3_2'><label for=\"avia_3_2\" class=\"textare_label hidden textare_label_avia_3_2\">\u00dczenet <abbr class=\"required\" title=\"required\">*<\/abbr><\/label><textarea  placeholder='\u00dczenet*' name=\"avia_3_2\" class=\"text_area is_empty\" cols=\"40\" rows=\"7\" id=\"avia_3_2\" ><\/textarea><\/p><p class=\"hidden\"><input type=\"text\" name=\"avia_4_2\" class=\"hidden \" id=\"avia_4_2\" value=\"\" \/><\/p><p class=\"form_element \"><input type=\"hidden\" value=\"1\" name=\"avia_generated_form2\" \/><input type=\"submit\" value=\"K\u00dcLD\u00c9S\" class=\"button\"  data-sending-label=\"Sending\"\/><\/p><\/fieldset><\/form><div id=\"ajaxresponse_2\" class=\"ajaxresponse ajaxresponse_2 hidden\"><\/div><\/div>\n<\/div><\/div><\/div><!-- close content main div --><\/div><\/div><\/div><div id='after_section_5'  class='main_color av_default_container_wrap container_wrap sidebar_right' style=' '  ><div class='container' ><div class='template-page content  av-content-small alpha units'><div class='post-entry post-entry-type-page post-entry-10'><div class='entry-content-wrapper clearfix'>\n","protected":false},"excerpt":{"rendered":"","protected":false},"author":1,"featured_media":0,"parent":0,"menu_order":0,"comment_status":"closed","ping_status":"closed","template":"","meta":{"footnotes":""},"class_list":["post-10","page","type-page","status-publish","hentry"],"yoast_head":"<!-- This site is optimized with the Yoast SEO plugin v27.4 - https:\/\/yoast.com\/product\/yoast-seo-wordpress\/ -->\n<title>Funda\u021bia Johanna-Ioana Schweighoffer | \u00d6szt\u00f6nd\u00edjak sz\u00e1m\u00e1ra neh\u00e9z helyzetben l\u00e9v\u0151 tanul\u00f3k<\/title>\n<meta name=\"description\" content=\"Elevii cu stare financiar\u0103 precar\u0103 \u0219i comportament civilizat pot beneficia de ajutor financiar pt. continuarea studiilor.\" \/>\n<meta name=\"robots\" content=\"index, follow, max-snippet:-1, max-image-preview:large, max-video-preview:-1\" \/>\n<link rel=\"canonical\" href=\"https:\/\/ioanaschweighoffer.ro\/hu\/fooldal\/\" \/>\n<meta property=\"og:locale\" content=\"ro_RO\" \/>\n<meta property=\"og:type\" content=\"article\" \/>\n<meta property=\"og:title\" content=\"Funda\u021bia Johanna-Ioana Schweighoffer | \u00d6szt\u00f6nd\u00edjak sz\u00e1m\u00e1ra neh\u00e9z helyzetben l\u00e9v\u0151 tanul\u00f3k\" \/>\n<meta property=\"og:description\" content=\"Elevii cu stare financiar\u0103 precar\u0103 \u0219i comportament civilizat pot beneficia de ajutor financiar pt. continuarea studiilor.\" \/>\n<meta property=\"og:url\" content=\"https:\/\/ioanaschweighoffer.ro\/hu\/fooldal\/\" \/>\n<meta property=\"og:site_name\" content=\"Funda\u021bia Johanna-Ioana Schweighoffer\" \/>\n<meta property=\"article:modified_time\" content=\"2022-11-10T15:34:52+00:00\" \/>\n<meta property=\"og:image\" content=\"https:\/\/ioanaschweighoffer.ro\/hu\/wp-content\/uploads\/2019\/11\/facebook-OG.png\" \/>\n\t<meta property=\"og:image:width\" content=\"1200\" \/>\n\t<meta property=\"og:image:height\" content=\"630\" \/>\n\t<meta property=\"og:image:type\" content=\"image\/png\" \/>\n<meta name=\"twitter:card\" content=\"summary_large_image\" \/>\n<meta name=\"twitter:label1\" content=\"Timp estimat pentru citire\" \/>\n\t<meta name=\"twitter:data1\" content=\"7 minute\" \/>\n<script type=\"application\/ld+json\" class=\"yoast-schema-graph\">{\"@context\":\"https:\\\/\\\/schema.org\",\"@graph\":[{\"@type\":\"WebPage\",\"@id\":\"https:\\\/\\\/ioanaschweighoffer.ro\\\/hu\\\/fooldal\\\/\",\"url\":\"https:\\\/\\\/ioanaschweighoffer.ro\\\/hu\\\/fooldal\\\/\",\"name\":\"Funda\u021bia Johanna-Ioana Schweighoffer | \u00d6szt\u00f6nd\u00edjak sz\u00e1m\u00e1ra neh\u00e9z helyzetben l\u00e9v\u0151 tanul\u00f3k\",\"isPartOf\":{\"@id\":\"https:\\\/\\\/ioanaschweighoffer.ro\\\/hu\\\/#website\"},\"datePublished\":\"2019-10-23T08:44:34+00:00\",\"dateModified\":\"2022-11-10T15:34:52+00:00\",\"description\":\"Elevii cu stare financiar\u0103 precar\u0103 \u0219i comportament civilizat pot beneficia de ajutor financiar pt. continuarea studiilor.\",\"breadcrumb\":{\"@id\":\"https:\\\/\\\/ioanaschweighoffer.ro\\\/hu\\\/fooldal\\\/#breadcrumb\"},\"inLanguage\":\"ro-RO\",\"potentialAction\":[{\"@type\":\"ReadAction\",\"target\":[\"https:\\\/\\\/ioanaschweighoffer.ro\\\/hu\\\/fooldal\\\/\"]}]},{\"@type\":\"BreadcrumbList\",\"@id\":\"https:\\\/\\\/ioanaschweighoffer.ro\\\/hu\\\/fooldal\\\/#breadcrumb\",\"itemListElement\":[{\"@type\":\"ListItem\",\"position\":1,\"name\":\"Prima pagin\u0103\",\"item\":\"https:\\\/\\\/ioanaschweighoffer.ro\\\/hu\\\/fooldal\\\/\"},{\"@type\":\"ListItem\",\"position\":2,\"name\":\"F\u0150OLDAL\"}]},{\"@type\":\"WebSite\",\"@id\":\"https:\\\/\\\/ioanaschweighoffer.ro\\\/hu\\\/#website\",\"url\":\"https:\\\/\\\/ioanaschweighoffer.ro\\\/hu\\\/\",\"name\":\"Funda\u021bia Johanna-Ioana Schweighoffer\",\"description\":\"\",\"potentialAction\":[{\"@type\":\"SearchAction\",\"target\":{\"@type\":\"EntryPoint\",\"urlTemplate\":\"https:\\\/\\\/ioanaschweighoffer.ro\\\/hu\\\/?s={search_term_string}\"},\"query-input\":{\"@type\":\"PropertyValueSpecification\",\"valueRequired\":true,\"valueName\":\"search_term_string\"}}],\"inLanguage\":\"ro-RO\"}]}<\/script>\n<!-- \/ Yoast SEO plugin. -->","yoast_head_json":{"title":"Funda\u021bia Johanna-Ioana Schweighoffer | \u00d6szt\u00f6nd\u00edjak sz\u00e1m\u00e1ra neh\u00e9z helyzetben l\u00e9v\u0151 tanul\u00f3k","description":"Elevii cu stare financiar\u0103 precar\u0103 \u0219i comportament civilizat pot beneficia de ajutor financiar pt. continuarea studiilor.","robots":{"index":"index","follow":"follow","max-snippet":"max-snippet:-1","max-image-preview":"max-image-preview:large","max-video-preview":"max-video-preview:-1"},"canonical":"https:\/\/ioanaschweighoffer.ro\/hu\/fooldal\/","og_locale":"ro_RO","og_type":"article","og_title":"Funda\u021bia Johanna-Ioana Schweighoffer | \u00d6szt\u00f6nd\u00edjak sz\u00e1m\u00e1ra neh\u00e9z helyzetben l\u00e9v\u0151 tanul\u00f3k","og_description":"Elevii cu stare financiar\u0103 precar\u0103 \u0219i comportament civilizat pot beneficia de ajutor financiar pt. continuarea studiilor.","og_url":"https:\/\/ioanaschweighoffer.ro\/hu\/fooldal\/","og_site_name":"Funda\u021bia Johanna-Ioana Schweighoffer","article_modified_time":"2022-11-10T15:34:52+00:00","og_image":[{"width":1200,"height":630,"url":"https:\/\/ioanaschweighoffer.ro\/hu\/wp-content\/uploads\/2019\/11\/facebook-OG.png","type":"image\/png"}],"twitter_card":"summary_large_image","twitter_misc":{"Timp estimat pentru citire":"7 minute"},"schema":{"@context":"https:\/\/schema.org","@graph":[{"@type":"WebPage","@id":"https:\/\/ioanaschweighoffer.ro\/hu\/fooldal\/","url":"https:\/\/ioanaschweighoffer.ro\/hu\/fooldal\/","name":"Funda\u021bia Johanna-Ioana Schweighoffer | \u00d6szt\u00f6nd\u00edjak sz\u00e1m\u00e1ra neh\u00e9z helyzetben l\u00e9v\u0151 tanul\u00f3k","isPartOf":{"@id":"https:\/\/ioanaschweighoffer.ro\/hu\/#website"},"datePublished":"2019-10-23T08:44:34+00:00","dateModified":"2022-11-10T15:34:52+00:00","description":"Elevii cu stare financiar\u0103 precar\u0103 \u0219i comportament civilizat pot beneficia de ajutor financiar pt. continuarea studiilor.","breadcrumb":{"@id":"https:\/\/ioanaschweighoffer.ro\/hu\/fooldal\/#breadcrumb"},"inLanguage":"ro-RO","potentialAction":[{"@type":"ReadAction","target":["https:\/\/ioanaschweighoffer.ro\/hu\/fooldal\/"]}]},{"@type":"BreadcrumbList","@id":"https:\/\/ioanaschweighoffer.ro\/hu\/fooldal\/#breadcrumb","itemListElement":[{"@type":"ListItem","position":1,"name":"Prima pagin\u0103","item":"https:\/\/ioanaschweighoffer.ro\/hu\/fooldal\/"},{"@type":"ListItem","position":2,"name":"F\u0150OLDAL"}]},{"@type":"WebSite","@id":"https:\/\/ioanaschweighoffer.ro\/hu\/#website","url":"https:\/\/ioanaschweighoffer.ro\/hu\/","name":"Funda\u021bia Johanna-Ioana Schweighoffer","description":"","potentialAction":[{"@type":"SearchAction","target":{"@type":"EntryPoint","urlTemplate":"https:\/\/ioanaschweighoffer.ro\/hu\/?s={search_term_string}"},"query-input":{"@type":"PropertyValueSpecification","valueRequired":true,"valueName":"search_term_string"}}],"inLanguage":"ro-RO"}]}},"_links":{"self":[{"href":"https:\/\/ioanaschweighoffer.ro\/hu\/wp-json\/wp\/v2\/pages\/10","targetHints":{"allow":["GET"]}}],"collection":[{"href":"https:\/\/ioanaschweighoffer.ro\/hu\/wp-json\/wp\/v2\/pages"}],"about":[{"href":"https:\/\/ioanaschweighoffer.ro\/hu\/wp-json\/wp\/v2\/types\/page"}],"author":[{"embeddable":true,"href":"https:\/\/ioanaschweighoffer.ro\/hu\/wp-json\/wp\/v2\/users\/1"}],"replies":[{"embeddable":true,"href":"https:\/\/ioanaschweighoffer.ro\/hu\/wp-json\/wp\/v2\/comments?post=10"}],"version-history":[{"count":100,"href":"https:\/\/ioanaschweighoffer.ro\/hu\/wp-json\/wp\/v2\/pages\/10\/revisions"}],"predecessor-version":[{"id":716,"href":"https:\/\/ioanaschweighoffer.ro\/hu\/wp-json\/wp\/v2\/pages\/10\/revisions\/716"}],"wp:attachment":[{"href":"https:\/\/ioanaschweighoffer.ro\/hu\/wp-json\/wp\/v2\/media?parent=10"}],"curies":[{"name":"wp","href":"https:\/\/api.w.org\/{rel}","templated":true}]}}