{"id":20,"date":"2019-10-23T13:22:42","date_gmt":"2019-10-23T13:22:42","guid":{"rendered":"https:\/\/ioanaschweighoffer.ro\/?page_id=20"},"modified":"2022-11-10T17:36:38","modified_gmt":"2022-11-10T15:36:38","slug":"az-alapitvanyrol","status":"publish","type":"page","link":"https:\/\/ioanaschweighoffer.ro\/hu\/az-alapitvanyrol\/","title":{"rendered":"AZ ALAP\u00cdTV\u00c1NYR\u00d3L"},"content":{"rendered":"<div id='hero'  class='avia-section alternate_color avia-section-default avia-no-border-styling  avia-full-stretch avia-bg-style-scroll  avia-builder-el-0  el_before_av_section  avia-builder-el-first   av-medium-hide av-small-hide av-mini-hide av-minimum-height av-minimum-height-100  container_wrap sidebar_right' style='background-repeat: no-repeat; background-image: url(https:\/\/ioanaschweighoffer.ro\/hu\/wp-content\/uploads\/2019\/11\/white-1.jpg);background-attachment: scroll; background-position: bottom left;  '  data-section-bg-repeat='stretch' data-av_minimum_height_pc='100'><div class='container' ><main  role=\"main\" itemprop=\"mainContentOfPage\"  class='template-page content  av-content-small alpha units'><div class='post-entry post-entry-type-page post-entry-20'><div class='entry-content-wrapper clearfix'>\n<div class=\"flex_column av_one_fourth  flex_column_div av-zero-column-padding first  avia-builder-el-1  el_before_av_three_fourth  avia-builder-el-first  \" style='border-radius:0px; '><\/div><div class=\"flex_column av_three_fourth  av-animated-generic right-to-left  flex_column_div av-zero-column-padding   avia-builder-el-2  el_after_av_one_fourth  el_before_av_one_third  \" style='border-radius:0px; '><section class=\"av_textblock_section \"  itemscope=\"itemscope\" itemtype=\"https:\/\/schema.org\/CreativeWork\" ><div class='avia_textblock  '   itemprop=\"text\" ><h1 style=\"text-align: right;\">Az alap\u00edtv\u00e1ny<\/h1>\n<h2 style=\"text-align: right;\">JOHANNA-IOANA SCHWEIGHOFFER<\/h2>\n<\/div><\/section><\/div><div class=\"flex_column av_one_third  flex_column_div av-zero-column-padding first  avia-builder-el-4  el_after_av_three_fourth  el_before_av_two_third  column-top-margin\" style='border-radius:0px; '><\/div><div class=\"flex_column av_two_third  av-animated-generic right-to-left  flex_column_div av-zero-column-padding   avia-builder-el-5  el_after_av_one_third  avia-builder-el-last  column-top-margin\" style='border-radius:0px; '><section class=\"av_textblock_section \"  itemscope=\"itemscope\" itemtype=\"https:\/\/schema.org\/CreativeWork\" ><div class='avia_textblock  '   itemprop=\"text\" ><p style=\"text-align: right;\">Az alap\u00edtv\u00e1nyt a koll\u00e9g\u00e1i \u00e9s mindenkori tan\u00edtv\u00e1nyai \u00e1ltal egyar\u00e1nt nagyra becs\u00fclt \u00e9s tisztelt, filoz\u00f3fia- \u00e9s logikatan\u00e1r Ioana eml\u00e9k\u00e9re hozt\u00e1k l\u00e9tre.<\/p>\n<p style=\"text-align: right;\">Eg\u00e9sz \u00e9let\u00e9t az oktat\u00e1snak szentelte, \u00e9s minden szeretet\u00e9t a di\u00e1kjaira \u00e1rasztotta. Az alap\u00edtv\u00e1ny az anyagi neh\u00e9zs\u00e9gekkel k\u00fczd\u0151 k\u00f6z\u00e9piskol\u00e1soknak k\u00edv\u00e1n seg\u00edts\u00e9get ny\u00fajtani havi \u00f6szt\u00f6nd\u00edjakkal, amelyek lehet\u0151v\u00e9 teszik tanulm\u00e1nyaik folytat\u00e1s\u00e1t.<\/p>\n<\/div><\/section><\/div>\n\n<\/div><\/div><\/main><!-- close content main element --><\/div><\/div><div id='hero'  class='avia-section alternate_color avia-section-default avia-no-border-styling  avia-full-stretch av-section-color-overlay-active avia-bg-style-scroll  avia-builder-el-7  el_after_av_section  el_before_av_section   av-desktop-hide av-minimum-height av-minimum-height-100  container_wrap sidebar_right' style='background-repeat: no-repeat; background-image: url(https:\/\/ioanaschweighoffer.ro\/hu\/wp-content\/uploads\/2020\/01\/white.jpg);background-attachment: scroll; background-position: bottom left;  '  data-section-bg-repeat='stretch' data-av_minimum_height_pc='100'><div class='av-section-color-overlay-wrap'><div class='av-section-color-overlay' style='opacity: 0.5; background-color: #ffffff; '><\/div><div class='container' ><div class='template-page content  av-content-small alpha units'><div class='post-entry post-entry-type-page post-entry-20'><div class='entry-content-wrapper clearfix'>\n<div  style='height:10px' class='hr hr-invisible   avia-builder-el-8  el_before_av_image  avia-builder-el-first '><span class='hr-inner ' ><span class='hr-inner-style'><\/span><\/span><\/div>\n<div  class='avia-image-container  av-styling-    avia-builder-el-9  el_after_av_hr  el_before_av_hr  avia-align-center '  itemprop=\"image\" itemscope=\"itemscope\" itemtype=\"https:\/\/schema.org\/ImageObject\"  ><div class='avia-image-container-inner'><div class='avia-image-overlay-wrap'><img decoding=\"async\" class='wp-image-684 avia-img-lazy-loading-not-684 avia_image' src=\"https:\/\/ioanaschweighoffer.ro\/hu\/wp-content\/uploads\/2020\/01\/pic-4-1.png\" alt='' title='pic-4' height=\"716\" width=\"1207\"  itemprop=\"thumbnailUrl\" srcset=\"https:\/\/ioanaschweighoffer.ro\/hu\/wp-content\/uploads\/2020\/01\/pic-4-1.png 1207w, https:\/\/ioanaschweighoffer.ro\/hu\/wp-content\/uploads\/2020\/01\/pic-4-1-300x178.png 300w, https:\/\/ioanaschweighoffer.ro\/hu\/wp-content\/uploads\/2020\/01\/pic-4-1-1030x611.png 1030w, https:\/\/ioanaschweighoffer.ro\/hu\/wp-content\/uploads\/2020\/01\/pic-4-1-768x456.png 768w, https:\/\/ioanaschweighoffer.ro\/hu\/wp-content\/uploads\/2020\/01\/pic-4-1-705x418.png 705w\" sizes=\"(max-width: 1207px) 100vw, 1207px\" \/><\/div><\/div><\/div>\n<div  style='height:40px' class='hr hr-invisible   avia-builder-el-10  el_after_av_image  el_before_av_one_fourth '><span class='hr-inner ' ><span class='hr-inner-style'><\/span><\/span><\/div>\n<div class=\"flex_column av_one_fourth  flex_column_div av-zero-column-padding first  avia-builder-el-11  el_after_av_hr  el_before_av_three_fourth  \" style='border-radius:0px; '><\/div><div class=\"flex_column av_three_fourth  av-animated-generic right-to-left  flex_column_div av-zero-column-padding   avia-builder-el-12  el_after_av_one_fourth  el_before_av_one_third  \" style='border-radius:0px; '><section class=\"av_textblock_section \"  itemscope=\"itemscope\" itemtype=\"https:\/\/schema.org\/CreativeWork\" ><div class='avia_textblock  '   itemprop=\"text\" ><h1 style=\"text-align: right;\">Az alap\u00edtv\u00e1ny<\/h1>\n<h2 style=\"text-align: right;\">JOHANNA-IOANA SCHWEIGHOFFER<\/h2>\n<\/div><\/section><\/div><div class=\"flex_column av_one_third  flex_column_div av-zero-column-padding first  avia-builder-el-14  el_after_av_three_fourth  el_before_av_two_third  column-top-margin\" style='border-radius:0px; '><\/div><div class=\"flex_column av_two_third  av-animated-generic right-to-left  flex_column_div av-zero-column-padding   avia-builder-el-15  el_after_av_one_third  avia-builder-el-last  column-top-margin\" style='border-radius:0px; '><section class=\"av_textblock_section \"  itemscope=\"itemscope\" itemtype=\"https:\/\/schema.org\/CreativeWork\" ><div class='avia_textblock  '   itemprop=\"text\" ><p style=\"text-align: right;\">Az alap\u00edtv\u00e1nyt a koll\u00e9g\u00e1i \u00e9s mindenkori tan\u00edtv\u00e1nyai \u00e1ltal egyar\u00e1nt nagyra becs\u00fclt \u00e9s tisztelt, filoz\u00f3fia- \u00e9s logikatan\u00e1r Ioana eml\u00e9k\u00e9re hozt\u00e1k l\u00e9tre.<\/p>\n<p style=\"text-align: right;\">Eg\u00e9sz \u00e9let\u00e9t az oktat\u00e1snak szentelte, \u00e9s minden szeretet\u00e9t a di\u00e1kjaira \u00e1rasztotta. Az alap\u00edtv\u00e1ny az anyagi neh\u00e9zs\u00e9gekkel k\u00fczd\u0151 k\u00f6z\u00e9piskol\u00e1soknak k\u00edv\u00e1n seg\u00edts\u00e9get ny\u00fajtani havi \u00f6szt\u00f6nd\u00edjakkal, amelyek lehet\u0151v\u00e9 teszik tanulm\u00e1nyaik folytat\u00e1s\u00e1t.<\/p>\n<\/div><\/section><\/div>\n\n<\/div><\/div><\/div><!-- close content main div --><\/div><\/div><\/div><div id='av_section_3'  class='avia-section socket_color avia-section-default avia-no-border-styling  avia-full-stretch av-parallax-section avia-bg-style-parallax  avia-builder-el-17  el_after_av_section  avia-builder-el-last   av-minimum-height av-minimum-height-100  container_wrap sidebar_right' style=' '  data-section-bg-repeat='stretch' data-av_minimum_height_pc='100'><div class='av-parallax' data-avia-parallax-ratio='0.3' ><div class='av-parallax-inner socket_color  avia-full-stretch' style = 'background-repeat: no-repeat; background-image: url(https:\/\/ioanaschweighoffer.ro\/hu\/wp-content\/uploads\/2019\/11\/scoala-concept-gfx-2.png);background-attachment: scroll; background-position: center center; ' ><\/div><\/div><div class='container' ><div class='template-page content  av-content-small alpha units'><div class='post-entry post-entry-type-page post-entry-20'><div class='entry-content-wrapper clearfix'>\n<div class=\"flex_column av_one_third  av-animated-generic top-to-bottom  no_margin flex_column_div av-zero-column-padding first  avia-builder-el-18  el_before_av_one_third  avia-builder-el-first  \" style='border-radius:0px; '><\/div><div class=\"flex_column av_one_third  av-animated-generic top-to-bottom  no_margin flex_column_div   avia-builder-el-19  el_after_av_one_third  el_before_av_one_third  \" style='padding:0px 30px 0px 30px ; border-radius:0px; '><div  class='avia-image-container  av-styling-    avia-builder-el-20  avia-builder-el-no-sibling  avia-align-center '  itemprop=\"image\" itemscope=\"itemscope\" itemtype=\"https:\/\/schema.org\/ImageObject\"  ><div class='avia-image-container-inner'><div class='avia-image-overlay-wrap'><img decoding=\"async\" class='wp-image-357 avia-img-lazy-loading-not-357 avia_image' src=\"https:\/\/ioanaschweighoffer.ro\/hu\/wp-content\/uploads\/2019\/11\/icont-1.png\" alt='' title='icont' height=\"1201\" width=\"1201\"  itemprop=\"thumbnailUrl\" srcset=\"https:\/\/ioanaschweighoffer.ro\/hu\/wp-content\/uploads\/2019\/11\/icont-1.png 1201w, https:\/\/ioanaschweighoffer.ro\/hu\/wp-content\/uploads\/2019\/11\/icont-1-80x80.png 80w, https:\/\/ioanaschweighoffer.ro\/hu\/wp-content\/uploads\/2019\/11\/icont-1-300x300.png 300w, https:\/\/ioanaschweighoffer.ro\/hu\/wp-content\/uploads\/2019\/11\/icont-1-768x768.png 768w, https:\/\/ioanaschweighoffer.ro\/hu\/wp-content\/uploads\/2019\/11\/icont-1-1030x1030.png 1030w, https:\/\/ioanaschweighoffer.ro\/hu\/wp-content\/uploads\/2019\/11\/icont-1-36x36.png 36w, https:\/\/ioanaschweighoffer.ro\/hu\/wp-content\/uploads\/2019\/11\/icont-1-180x180.png 180w, https:\/\/ioanaschweighoffer.ro\/hu\/wp-content\/uploads\/2019\/11\/icont-1-705x705.png 705w\" sizes=\"(max-width: 1201px) 100vw, 1201px\" \/><\/div><\/div><\/div><\/div><div class=\"flex_column av_one_third  av-animated-generic top-to-bottom  no_margin flex_column_div av-zero-column-padding   avia-builder-el-21  el_after_av_one_third  el_before_av_one_full  \" style='border-radius:0px; '><\/div><div class=\"flex_column av_one_full  av-animated-generic top-to-bottom  no_margin flex_column_div av-zero-column-padding first  avia-builder-el-22  el_after_av_one_third  avia-builder-el-last  column-top-margin\" style='border-radius:0px; '><section class=\"av_textblock_section \"  itemscope=\"itemscope\" itemtype=\"https:\/\/schema.org\/CreativeWork\" ><div class='avia_textblock  '   itemprop=\"text\" ><p style=\"text-align: center;\">Az alap\u00edtv\u00e1ny az igazgat\u00f3tan\u00e1ccsal egy\u00fctt minden be\u00e9rkezett k\u00e9relmet elb\u00edr\u00e1l, \u00e9s \u00e9vente 10 \u00f6szt\u00f6nd\u00edjat \u00edt\u00e9l oda. A lehet\u0151 leghelyesebb d\u00f6nt\u00e9s \u00e9rdek\u00e9ben a tan\u00e1csnak jog\u00e1ban \u00e1ll a tanul\u00f3 magatart\u00e1s\u00e1val kapcsolatosan b\u00e1rmir\u0151l t\u00e1j\u00e9koztat\u00e1st k\u00e9rni.<br \/>\nOlvass t\u00f6bbet arr\u00f3l, hogyan szerezheted meg az \u00f6szt\u00f6nd\u00edjat, mik a jogosults\u00e1gi felt\u00e9telek, \u00e9s milyen dokumentumok sz\u00fcks\u00e9gesek a jelentkez\u00e9shez!<\/p>\n<\/div><\/section><br \/>\n<div  style='height:20px' class='hr hr-invisible   avia-builder-el-24  el_after_av_textblock  el_before_av_textblock '><span class='hr-inner ' ><span class='hr-inner-style'><\/span><\/span><\/div><br \/>\n<section class=\"av_textblock_section \"  itemscope=\"itemscope\" itemtype=\"https:\/\/schema.org\/CreativeWork\" ><div class='avia_textblock  '   itemprop=\"text\" ><h5 style=\"text-align: center;\"><a href=\"https:\/\/ioanaschweighoffer.ro\/hu\/az-osztondij\/\">Mindent az \u00f6szt\u00f6nd\u00edjr\u00f3l -&gt;<\/a><\/h5>\n<\/div><\/section><br \/>\n<div  style='height:20px' class='hr hr-invisible   avia-builder-el-26  el_after_av_textblock  avia-builder-el-last '><span class='hr-inner ' ><span class='hr-inner-style'><\/span><\/span><\/div><\/p><\/div><\/div><\/div><\/div><!-- close content main div --><\/div><\/div><div id='after_section_3'  class='main_color av_default_container_wrap container_wrap sidebar_right' style=' '  ><div class='container' ><div class='template-page content  av-content-small alpha units'><div class='post-entry post-entry-type-page post-entry-20'><div class='entry-content-wrapper clearfix'>\n","protected":false},"excerpt":{"rendered":"","protected":false},"author":1,"featured_media":0,"parent":0,"menu_order":0,"comment_status":"closed","ping_status":"closed","template":"","meta":{"footnotes":""},"class_list":["post-20","page","type-page","status-publish","hentry"],"yoast_head":"<!-- This site is optimized with the Yoast SEO plugin v27.4 - https:\/\/yoast.com\/product\/yoast-seo-wordpress\/ -->\n<title>Az alap\u00edtv\u00e1nyrol Johanna-Ioana Schweighoffer Timi\u015foara<\/title>\n<meta name=\"description\" content=\"A fost \u00eenfiin\u021ba\u021b\u0103 \u00een memoria Ioanei, profesoara de Filosofie \u0219i Logic\u0103, pre\u021buit\u0103 \u0219i respectat\u0103 at\u00e2t de colegii s\u0103i, c\u00e2t \u0219i de elevii din toate genera\u021biile.\" \/>\n<meta name=\"robots\" content=\"index, follow, max-snippet:-1, max-image-preview:large, max-video-preview:-1\" \/>\n<link rel=\"canonical\" href=\"https:\/\/ioanaschweighoffer.ro\/hu\/az-alapitvanyrol\/\" \/>\n<meta property=\"og:locale\" content=\"ro_RO\" \/>\n<meta property=\"og:type\" content=\"article\" \/>\n<meta property=\"og:title\" content=\"Az alap\u00edtv\u00e1nyrol Johanna-Ioana Schweighoffer Timi\u015foara\" \/>\n<meta property=\"og:description\" content=\"A fost \u00eenfiin\u021ba\u021b\u0103 \u00een memoria Ioanei, profesoara de Filosofie \u0219i Logic\u0103, pre\u021buit\u0103 \u0219i respectat\u0103 at\u00e2t de colegii s\u0103i, c\u00e2t \u0219i de elevii din toate genera\u021biile.\" \/>\n<meta property=\"og:url\" content=\"https:\/\/ioanaschweighoffer.ro\/hu\/az-alapitvanyrol\/\" \/>\n<meta property=\"og:site_name\" content=\"Funda\u021bia Johanna-Ioana Schweighoffer\" \/>\n<meta property=\"article:modified_time\" content=\"2022-11-10T15:36:38+00:00\" \/>\n<meta property=\"og:image\" content=\"https:\/\/ioanaschweighoffer.ro\/hu\/wp-content\/uploads\/2019\/11\/facebook-OG.png\" \/>\n\t<meta property=\"og:image:width\" content=\"1200\" \/>\n\t<meta property=\"og:image:height\" content=\"630\" \/>\n\t<meta property=\"og:image:type\" content=\"image\/png\" \/>\n<meta name=\"twitter:card\" content=\"summary_large_image\" \/>\n<meta name=\"twitter:label1\" content=\"Timp estimat pentru citire\" \/>\n\t<meta name=\"twitter:data1\" content=\"6 minute\" \/>\n<script type=\"application\/ld+json\" class=\"yoast-schema-graph\">{\"@context\":\"https:\\\/\\\/schema.org\",\"@graph\":[{\"@type\":\"WebPage\",\"@id\":\"https:\\\/\\\/ioanaschweighoffer.ro\\\/hu\\\/az-alapitvanyrol\\\/\",\"url\":\"https:\\\/\\\/ioanaschweighoffer.ro\\\/hu\\\/az-alapitvanyrol\\\/\",\"name\":\"Az alap\u00edtv\u00e1nyrol Johanna-Ioana Schweighoffer Timi\u015foara\",\"isPartOf\":{\"@id\":\"https:\\\/\\\/ioanaschweighoffer.ro\\\/hu\\\/#website\"},\"datePublished\":\"2019-10-23T13:22:42+00:00\",\"dateModified\":\"2022-11-10T15:36:38+00:00\",\"description\":\"A fost \u00eenfiin\u021ba\u021b\u0103 \u00een memoria Ioanei, profesoara de Filosofie \u0219i Logic\u0103, pre\u021buit\u0103 \u0219i respectat\u0103 at\u00e2t de colegii s\u0103i, c\u00e2t \u0219i de elevii din toate genera\u021biile.\",\"breadcrumb\":{\"@id\":\"https:\\\/\\\/ioanaschweighoffer.ro\\\/hu\\\/az-alapitvanyrol\\\/#breadcrumb\"},\"inLanguage\":\"ro-RO\",\"potentialAction\":[{\"@type\":\"ReadAction\",\"target\":[\"https:\\\/\\\/ioanaschweighoffer.ro\\\/hu\\\/az-alapitvanyrol\\\/\"]}]},{\"@type\":\"BreadcrumbList\",\"@id\":\"https:\\\/\\\/ioanaschweighoffer.ro\\\/hu\\\/az-alapitvanyrol\\\/#breadcrumb\",\"itemListElement\":[{\"@type\":\"ListItem\",\"position\":1,\"name\":\"Prima pagin\u0103\",\"item\":\"https:\\\/\\\/ioanaschweighoffer.ro\\\/hu\\\/fooldal\\\/\"},{\"@type\":\"ListItem\",\"position\":2,\"name\":\"AZ ALAP\u00cdTV\u00c1NYR\u00d3L\"}]},{\"@type\":\"WebSite\",\"@id\":\"https:\\\/\\\/ioanaschweighoffer.ro\\\/hu\\\/#website\",\"url\":\"https:\\\/\\\/ioanaschweighoffer.ro\\\/hu\\\/\",\"name\":\"Funda\u021bia Johanna-Ioana Schweighoffer\",\"description\":\"\",\"potentialAction\":[{\"@type\":\"SearchAction\",\"target\":{\"@type\":\"EntryPoint\",\"urlTemplate\":\"https:\\\/\\\/ioanaschweighoffer.ro\\\/hu\\\/?s={search_term_string}\"},\"query-input\":{\"@type\":\"PropertyValueSpecification\",\"valueRequired\":true,\"valueName\":\"search_term_string\"}}],\"inLanguage\":\"ro-RO\"}]}<\/script>\n<!-- \/ Yoast SEO plugin. -->","yoast_head_json":{"title":"Az alap\u00edtv\u00e1nyrol Johanna-Ioana Schweighoffer Timi\u015foara","description":"A fost \u00eenfiin\u021ba\u021b\u0103 \u00een memoria Ioanei, profesoara de Filosofie \u0219i Logic\u0103, pre\u021buit\u0103 \u0219i respectat\u0103 at\u00e2t de colegii s\u0103i, c\u00e2t \u0219i de elevii din toate genera\u021biile.","robots":{"index":"index","follow":"follow","max-snippet":"max-snippet:-1","max-image-preview":"max-image-preview:large","max-video-preview":"max-video-preview:-1"},"canonical":"https:\/\/ioanaschweighoffer.ro\/hu\/az-alapitvanyrol\/","og_locale":"ro_RO","og_type":"article","og_title":"Az alap\u00edtv\u00e1nyrol Johanna-Ioana Schweighoffer Timi\u015foara","og_description":"A fost \u00eenfiin\u021ba\u021b\u0103 \u00een memoria Ioanei, profesoara de Filosofie \u0219i Logic\u0103, pre\u021buit\u0103 \u0219i respectat\u0103 at\u00e2t de colegii s\u0103i, c\u00e2t \u0219i de elevii din toate genera\u021biile.","og_url":"https:\/\/ioanaschweighoffer.ro\/hu\/az-alapitvanyrol\/","og_site_name":"Funda\u021bia Johanna-Ioana Schweighoffer","article_modified_time":"2022-11-10T15:36:38+00:00","og_image":[{"width":1200,"height":630,"url":"https:\/\/ioanaschweighoffer.ro\/hu\/wp-content\/uploads\/2019\/11\/facebook-OG.png","type":"image\/png"}],"twitter_card":"summary_large_image","twitter_misc":{"Timp estimat pentru citire":"6 minute"},"schema":{"@context":"https:\/\/schema.org","@graph":[{"@type":"WebPage","@id":"https:\/\/ioanaschweighoffer.ro\/hu\/az-alapitvanyrol\/","url":"https:\/\/ioanaschweighoffer.ro\/hu\/az-alapitvanyrol\/","name":"Az alap\u00edtv\u00e1nyrol Johanna-Ioana Schweighoffer Timi\u015foara","isPartOf":{"@id":"https:\/\/ioanaschweighoffer.ro\/hu\/#website"},"datePublished":"2019-10-23T13:22:42+00:00","dateModified":"2022-11-10T15:36:38+00:00","description":"A fost \u00eenfiin\u021ba\u021b\u0103 \u00een memoria Ioanei, profesoara de Filosofie \u0219i Logic\u0103, pre\u021buit\u0103 \u0219i respectat\u0103 at\u00e2t de colegii s\u0103i, c\u00e2t \u0219i de elevii din toate genera\u021biile.","breadcrumb":{"@id":"https:\/\/ioanaschweighoffer.ro\/hu\/az-alapitvanyrol\/#breadcrumb"},"inLanguage":"ro-RO","potentialAction":[{"@type":"ReadAction","target":["https:\/\/ioanaschweighoffer.ro\/hu\/az-alapitvanyrol\/"]}]},{"@type":"BreadcrumbList","@id":"https:\/\/ioanaschweighoffer.ro\/hu\/az-alapitvanyrol\/#breadcrumb","itemListElement":[{"@type":"ListItem","position":1,"name":"Prima pagin\u0103","item":"https:\/\/ioanaschweighoffer.ro\/hu\/fooldal\/"},{"@type":"ListItem","position":2,"name":"AZ ALAP\u00cdTV\u00c1NYR\u00d3L"}]},{"@type":"WebSite","@id":"https:\/\/ioanaschweighoffer.ro\/hu\/#website","url":"https:\/\/ioanaschweighoffer.ro\/hu\/","name":"Funda\u021bia Johanna-Ioana Schweighoffer","description":"","potentialAction":[{"@type":"SearchAction","target":{"@type":"EntryPoint","urlTemplate":"https:\/\/ioanaschweighoffer.ro\/hu\/?s={search_term_string}"},"query-input":{"@type":"PropertyValueSpecification","valueRequired":true,"valueName":"search_term_string"}}],"inLanguage":"ro-RO"}]}},"_links":{"self":[{"href":"https:\/\/ioanaschweighoffer.ro\/hu\/wp-json\/wp\/v2\/pages\/20","targetHints":{"allow":["GET"]}}],"collection":[{"href":"https:\/\/ioanaschweighoffer.ro\/hu\/wp-json\/wp\/v2\/pages"}],"about":[{"href":"https:\/\/ioanaschweighoffer.ro\/hu\/wp-json\/wp\/v2\/types\/page"}],"author":[{"embeddable":true,"href":"https:\/\/ioanaschweighoffer.ro\/hu\/wp-json\/wp\/v2\/users\/1"}],"replies":[{"embeddable":true,"href":"https:\/\/ioanaschweighoffer.ro\/hu\/wp-json\/wp\/v2\/comments?post=20"}],"version-history":[{"count":38,"href":"https:\/\/ioanaschweighoffer.ro\/hu\/wp-json\/wp\/v2\/pages\/20\/revisions"}],"predecessor-version":[{"id":718,"href":"https:\/\/ioanaschweighoffer.ro\/hu\/wp-json\/wp\/v2\/pages\/20\/revisions\/718"}],"wp:attachment":[{"href":"https:\/\/ioanaschweighoffer.ro\/hu\/wp-json\/wp\/v2\/media?parent=20"}],"curies":[{"name":"wp","href":"https:\/\/api.w.org\/{rel}","templated":true}]}}